{"id":5660,"date":"2025-09-30T09:18:03","date_gmt":"2025-09-30T07:18:03","guid":{"rendered":"https:\/\/coffeeandliving.ch\/?page_id=5660"},"modified":"2025-09-30T18:50:48","modified_gmt":"2025-09-30T16:50:48","slug":"impressum","status":"publish","type":"page","link":"https:\/\/coffeeandliving.ch\/nl\/impressum\/","title":{"rendered":"Impressum"},"content":{"rendered":"\t\t<div data-elementor-type=\"wp-page\" data-elementor-id=\"5660\" class=\"elementor elementor-5660\" data-elementor-post-type=\"page\">\n\t\t\t\t<div class=\"elementor-element elementor-element-61b29ac e-con-full e-flex e-con e-parent\" data-id=\"61b29ac\" data-element_type=\"container\" data-e-type=\"container\" data-settings=\"{&quot;background_background&quot;:&quot;classic&quot;,&quot;jet_parallax_layout_list&quot;:[]}\">\n\t\t<div class=\"elementor-element elementor-element-e86458b e-flex e-con-boxed e-con e-child\" data-id=\"e86458b\" data-element_type=\"container\" data-e-type=\"container\" data-settings=\"{&quot;jet_parallax_layout_list&quot;:[]}\">\n\t\t\t\t\t<div class=\"e-con-inner\">\n\t\t\t\t<div class=\"elementor-element elementor-element-a4d7868 elementor-widget elementor-widget-heading\" data-id=\"a4d7868\" data-element_type=\"widget\" data-e-type=\"widget\" data-widget_type=\"heading.default\">\n\t\t\t\t\t<h1 class=\"elementor-heading-title elementor-size-default\">Impressum<\/h1>\t\t\t\t<\/div>\n\t\t\t\t\t<\/div>\n\t\t\t\t<\/div>\n\t\t\t\t<\/div>\n\t\t<div class=\"elementor-element elementor-element-958f63a e-flex e-con-boxed e-con e-parent\" data-id=\"958f63a\" data-element_type=\"container\" data-e-type=\"container\" data-settings=\"{&quot;jet_parallax_layout_list&quot;:[]}\">\n\t\t\t\t\t<div class=\"e-con-inner\">\n\t\t<div class=\"elementor-element elementor-element-30dc5b7 e-con-full e-flex e-con e-child\" data-id=\"30dc5b7\" data-element_type=\"container\" data-e-type=\"container\" data-settings=\"{&quot;background_background&quot;:&quot;classic&quot;,&quot;jet_parallax_layout_list&quot;:[]}\">\n\t\t\t\t<div class=\"elementor-element elementor-element-cbe1d9c elementor-widget elementor-widget-text-editor\" data-id=\"cbe1d9c\" data-element_type=\"widget\" data-e-type=\"widget\" data-widget_type=\"text-editor.default\">\n\t\t\t\t\t\t\t\t\t<p style=\"font-weight: 400;\"><strong>Verantwortlich f\u00fcr den Inhalt dieser Website<\/strong><\/p><p style=\"font-weight: 400;\">Coffee and Living GmbH<\/p><p style=\"font-weight: 400;\">Beatenbergstrasse 100<br \/>3800 Unterseen<br \/>Schweiz<\/p><p style=\"font-weight: 400;\"><strong>Kontakt<\/strong><\/p><p style=\"font-weight: 400;\">Telefon: +41 77 404 1150<br \/>E-Mail: info@coffeeandliving.ch<br \/>Website: www.coffeeandliving.ch<\/p><p style=\"font-weight: 400;\"><strong>Vertretungsberechtigte Personen<\/strong><\/p><p style=\"font-weight: 400;\">Jeroen Katuin, Gesch\u00e4ftsf\u00fchrer<br \/>Handelsregistereintrag<br \/>Handelsregisteramt des Kantons Bern<br \/>Firmennummer: CHE-162.381.326<\/p><p style=\"font-weight: 400;\"><strong>Dieser Webauftritt wurde realisiert durch<\/strong><\/p><p style=\"font-weight: 400;\">Cotive<br \/>Jestin Hoogeveen<br \/><br \/>Pannekoekendijk 50<br \/>7887EX Erica<br \/>Niederlande<\/p><p style=\"font-weight: 400;\">Telefon: +31 (0)6 41061155<br \/>E-Mail: info@cotive.net<br \/>Website: <a href=\"http:\/\/www.cotive.net\/\" target=\"_blank\" rel=\"noopener\">www.cotive.net<\/a><\/p><p style=\"font-weight: 400;\"><strong>Hostingpartner<\/strong><\/p><p style=\"font-weight: 400;\">Cotive<br \/>Jestin Hoogeveen<br \/>Pannekoekendijk 50<br \/>7887EX Erica<br \/>Niederlande<\/p><p style=\"font-weight: 400;\">Telefon: +31 (0)6 41061155<br \/>E-Mail: info@cotive.net<br \/>Website: <a href=\"http:\/\/www.cotive.net\/\" target=\"_blank\" rel=\"noopener\">www.cotive.net<\/a><\/p><p style=\"font-weight: 400;\"><strong>Haftungsausschluss<\/strong><\/p><p style=\"font-weight: 400;\">Die Coffee and Living GmbH \u00fcbernimmt keinerlei Gew\u00e4hr hinsichtlich der inhaltlichen Richtigkeit, Genauigkeit, Aktualit\u00e4t, Zuverl\u00e4ssigkeit und Vollst\u00e4ndigkeit der Informationen. Haftungsanspr\u00fcche gegen die Coffee and Living GmbH wegen Sch\u00e4den materieller oder immaterieller Art, welche aus dem Zugriff oder der Nutzung bzw. Nichtnutzung der ver\u00f6ffentlichten Informationen, durch Missbrauch der Verbindung oder durch technische St\u00f6rungen entstanden sind, werden ausgeschlossen.<\/p><p style=\"font-weight: 400;\">Alle Angebote sind unverbindlich. Die Coffee and Living GmbH beh\u00e4lt es sich ausdr\u00fccklich vor, Teile der Seiten oder das gesamte Angebot ohne gesonderte Ank\u00fcndigung zu ver\u00e4ndern, zu erg\u00e4nzen, zu l\u00f6schen oder die Ver\u00f6ffentlichung zeitweise oder endg\u00fcltig einzustellen.<\/p><p style=\"font-weight: 400;\"><strong>Haftung f\u00fcr Links<\/strong><\/p><p style=\"font-weight: 400;\">Verweise und Links auf Webseiten Dritter liegen ausserhalb unseres Verantwortungsbereichs. Es wird jegliche Verantwortung f\u00fcr solche Webseiten abgelehnt. Der Zugriff und die Nutzung dieser Webseiten erfolgen auf eigene Gefahr.<\/p><p style=\"font-weight: 400;\"><strong>Urheberrechte<\/strong><\/p><p style=\"font-weight: 400;\">Die Urheber- und alle anderen Rechte an Inhalten, Bildern, Fotos oder anderen Dateien auf der Website geh\u00f6ren ausschliesslich der Coffee and Living GmbH oder den speziell genannten Rechtsinhaber*innen. F\u00fcr die Reproduktion jeglicher Elemente ist die schriftliche Zustimmung der Urheberrechtstr\u00e4ger*innen im Voraus einzuholen.<\/p>\t\t\t\t\t\t\t\t<\/div>\n\t\t\t\t<\/div>\n\t\t\t\t\t<\/div>\n\t\t\t\t<\/div>\n\t\t\t\t<\/div>\n\t\t","protected":false},"excerpt":{"rendered":"<p>Verantwortlich f\u00fcr den Inhalt dieser Website Coffee and Living GmbH Beatenbergstrasse 1003800 UnterseenSchweiz Kontakt Telefon: +41 77 404 1150E-Mail: info@coffeeandliving.chWebsite: www.coffeeandliving.ch Vertretungsberechtigte Personen Jeroen Katuin, Gesch\u00e4ftsf\u00fchrerHandelsregistereintragHandelsregisteramt des Kantons BernFirmennummer: CHE-162.381.326 Dieser Webauftritt wurde realisiert durch CotiveJestin Hoogeveen Pannekoekendijk 507887EX EricaNiederlande Telefon: +31 (0)6 41061155E-Mail: info@cotive.netWebsite: www.cotive.net Hostingpartner CotiveJestin HoogeveenPannekoekendijk 507887EX EricaNiederlande Telefon: +31 (0)6 41061155E-Mail: [&hellip;]<\/p>\n","protected":false},"author":1,"featured_media":0,"parent":0,"menu_order":0,"comment_status":"closed","ping_status":"closed","template":"","meta":{"footnotes":""},"class_list":["post-5660","page","type-page","status-publish","hentry"],"_links":{"self":[{"href":"https:\/\/coffeeandliving.ch\/nl\/wp-json\/wp\/v2\/pages\/5660","targetHints":{"allow":["GET"]}}],"collection":[{"href":"https:\/\/coffeeandliving.ch\/nl\/wp-json\/wp\/v2\/pages"}],"about":[{"href":"https:\/\/coffeeandliving.ch\/nl\/wp-json\/wp\/v2\/types\/page"}],"author":[{"embeddable":true,"href":"https:\/\/coffeeandliving.ch\/nl\/wp-json\/wp\/v2\/users\/1"}],"replies":[{"embeddable":true,"href":"https:\/\/coffeeandliving.ch\/nl\/wp-json\/wp\/v2\/comments?post=5660"}],"version-history":[{"count":10,"href":"https:\/\/coffeeandliving.ch\/nl\/wp-json\/wp\/v2\/pages\/5660\/revisions"}],"predecessor-version":[{"id":5829,"href":"https:\/\/coffeeandliving.ch\/nl\/wp-json\/wp\/v2\/pages\/5660\/revisions\/5829"}],"wp:attachment":[{"href":"https:\/\/coffeeandliving.ch\/nl\/wp-json\/wp\/v2\/media?parent=5660"}],"curies":[{"name":"wp","href":"https:\/\/api.w.org\/{rel}","templated":true}]}}