{"id":1618,"date":"2025-08-15T09:24:48","date_gmt":"2025-08-15T07:24:48","guid":{"rendered":"https:\/\/coffee.cotive.dev\/?post_type=product&#038;p=1618"},"modified":"2025-08-21T13:16:08","modified_gmt":"2025-08-21T11:16:08","slug":"lilla-e-rose","status":"publish","type":"product","link":"https:\/\/coffeeandliving.ch\/nl\/product\/lilla-e-rose\/","title":{"rendered":"Lilla e Rose"},"content":{"rendered":"<p>Lilla e Rose heeft een bijzonder rijk aroma. Met zijn duidelijk waarneembare zoetheid en zijn aromatische diversiteit is hij perfect uitgebalanceerd. Het Robusta-aandeel geeft de melange, in combinatie met de donkere brandingsgraad, een krachtige body met een dichte crema. Vooral als caf\u00e9 cr\u00e8me is Lilla e Rose bijzonder populair.<\/p>\n","protected":false},"excerpt":{"rendered":"<p>Verpakking: bonen 250 g<br \/>\nIdeaal voor: espresso, cappuccino, caf\u00e9 cr\u00e8me<br \/>\nBrandingsgraad: donkere brandingsgraad<br \/>\nAroma: seringen, rozen, honing, karamel, noten, vanille en citrusvruchten<br \/>\nSmaak: evenwichtige bittere en zure tonen, zeer zoet, heel licht zout<br \/>\nTextuur: aangenaam rond, maar zeer krachtig<br \/>\nSamenstelling: 75% Arabica \/ 25% Robusta<br \/>\nTraceerbaarheid: Ethiopi\u00eb, Brazili\u00eb, Colombia, India, Indonesi\u00eb<\/p>\n<p>&nbsp;<\/p>\n","protected":false},"featured_media":1578,"comment_status":"closed","ping_status":"closed","template":"","meta":[],"product_brand":[],"product_cat":[58],"product_tag":[],"class_list":{"0":"post-1618","1":"product","2":"type-product","3":"status-publish","4":"has-post-thumbnail","6":"product_cat-koffiebonen","7":"product_shipping_class-ophalen-in-de-winkel","9":"first","10":"onbackorder","11":"taxable","12":"shipping-taxable","13":"product-type-simple"},"_links":{"self":[{"href":"https:\/\/coffeeandliving.ch\/nl\/wp-json\/wp\/v2\/product\/1618","targetHints":{"allow":["GET"]}}],"collection":[{"href":"https:\/\/coffeeandliving.ch\/nl\/wp-json\/wp\/v2\/product"}],"about":[{"href":"https:\/\/coffeeandliving.ch\/nl\/wp-json\/wp\/v2\/types\/product"}],"replies":[{"embeddable":true,"href":"https:\/\/coffeeandliving.ch\/nl\/wp-json\/wp\/v2\/comments?post=1618"}],"wp:featuredmedia":[{"embeddable":true,"href":"https:\/\/coffeeandliving.ch\/nl\/wp-json\/wp\/v2\/media\/1578"}],"wp:attachment":[{"href":"https:\/\/coffeeandliving.ch\/nl\/wp-json\/wp\/v2\/media?parent=1618"}],"wp:term":[{"taxonomy":"product_brand","embeddable":true,"href":"https:\/\/coffeeandliving.ch\/nl\/wp-json\/wp\/v2\/product_brand?post=1618"},{"taxonomy":"product_cat","embeddable":true,"href":"https:\/\/coffeeandliving.ch\/nl\/wp-json\/wp\/v2\/product_cat?post=1618"},{"taxonomy":"product_tag","embeddable":true,"href":"https:\/\/coffeeandliving.ch\/nl\/wp-json\/wp\/v2\/product_tag?post=1618"}],"curies":[{"name":"wp","href":"https:\/\/api.w.org\/{rel}","templated":true}]}}