{"id":1619,"date":"2025-08-15T09:26:31","date_gmt":"2025-08-15T07:26:31","guid":{"rendered":"https:\/\/coffee.cotive.dev\/?post_type=product&#038;p=1619"},"modified":"2025-08-21T13:21:00","modified_gmt":"2025-08-21T11:21:00","slug":"laenggastee-white-needle","status":"publish","type":"product","link":"https:\/\/coffeeandliving.ch\/nl\/product\/laenggastee-white-needle\/","title":{"rendered":"L\u00e4nggass-Tee White Needle"},"content":{"rendered":"<p>L\u00e4nggass-Tee is een familiebedrijf dat in 1983 werd opgericht aan de L\u00e4nggassstrasse 47 in Bern. Met veel enthousiasme en liefde voor thee begonnen Katrin en Gerhard Lange samen aan het tot op heden succesvolle project. De hoge kwaliteit van L\u00e4nggasstee overtuigt elke theekenner.<\/p>\n<p>Een klassieke witte thee uit China, met de naam \u201cWitte pioenroos\u201d. Een fijne, zachte en toch zeer aromatische thee.<\/p>\n","protected":false},"excerpt":{"rendered":"<p>Piramidezakjes zonder etiket &#8211; composteerbaar<br \/>\nHerkomst: China \/ Fujian<\/p>\n<p>Per verpakking 20 zakjes van 1,8 g<\/p>\n","protected":false},"featured_media":3979,"comment_status":"closed","ping_status":"closed","template":"","meta":[],"product_brand":[72],"product_cat":[59],"product_tag":[],"class_list":{"0":"post-1619","1":"product","2":"type-product","3":"status-publish","4":"has-post-thumbnail","6":"product_brand-blaser-cafe","7":"product_cat-thee","8":"product_shipping_class-ophalen-in-de-winkel","10":"first","11":"onbackorder","12":"taxable","13":"shipping-taxable","14":"product-type-simple"},"_links":{"self":[{"href":"https:\/\/coffeeandliving.ch\/nl\/wp-json\/wp\/v2\/product\/1619","targetHints":{"allow":["GET"]}}],"collection":[{"href":"https:\/\/coffeeandliving.ch\/nl\/wp-json\/wp\/v2\/product"}],"about":[{"href":"https:\/\/coffeeandliving.ch\/nl\/wp-json\/wp\/v2\/types\/product"}],"replies":[{"embeddable":true,"href":"https:\/\/coffeeandliving.ch\/nl\/wp-json\/wp\/v2\/comments?post=1619"}],"wp:featuredmedia":[{"embeddable":true,"href":"https:\/\/coffeeandliving.ch\/nl\/wp-json\/wp\/v2\/media\/3979"}],"wp:attachment":[{"href":"https:\/\/coffeeandliving.ch\/nl\/wp-json\/wp\/v2\/media?parent=1619"}],"wp:term":[{"taxonomy":"product_brand","embeddable":true,"href":"https:\/\/coffeeandliving.ch\/nl\/wp-json\/wp\/v2\/product_brand?post=1619"},{"taxonomy":"product_cat","embeddable":true,"href":"https:\/\/coffeeandliving.ch\/nl\/wp-json\/wp\/v2\/product_cat?post=1619"},{"taxonomy":"product_tag","embeddable":true,"href":"https:\/\/coffeeandliving.ch\/nl\/wp-json\/wp\/v2\/product_tag?post=1619"}],"curies":[{"name":"wp","href":"https:\/\/api.w.org\/{rel}","templated":true}]}}