{"id":1622,"date":"2025-08-15T09:30:04","date_gmt":"2025-08-15T07:30:04","guid":{"rendered":"https:\/\/coffee.cotive.dev\/?post_type=product&#038;p=1622"},"modified":"2025-08-21T13:19:49","modified_gmt":"2025-08-21T11:19:49","slug":"laenggastee-indian-chai","status":"publish","type":"product","link":"https:\/\/coffeeandliving.ch\/nl\/product\/laenggastee-indian-chai\/","title":{"rendered":"L\u00e4nggass-Tee Indian Chai"},"content":{"rendered":"<p>L\u00e4nggass-Tee is een familiebedrijf dat in 1983 werd opgericht aan de L\u00e4nggassstrasse 47 in Bern. Met veel enthousiasme en liefde voor thee begonnen Katrin en Gerhard Lange samen aan het tot op heden succesvolle project. De hoge kwaliteit van L\u00e4nggasstee overtuigt elke theekenner.<\/p>\n<p>Een creatie van het huis, ge\u00efnspireerd door de theecultuur van India. Een krachtige zwarte thee met intense kruiden. Geserveerd met melk is dit een heerlijk geurende, verwarmende drank. Indiase melange: zwarte thee, kardemom, koriander, gember, peper en kaneel.<\/p>\n","protected":false},"excerpt":{"rendered":"<p>Piramidezakjes zonder etiket &#8211; composteerbaar<br \/>\nHerkomst: kruidenmelange van Indiase makelij<\/p>\n<p>Per verpakking 20 zakjes van 3,5 g<\/p>\n","protected":false},"featured_media":3970,"comment_status":"closed","ping_status":"closed","template":"","meta":[],"product_brand":[72],"product_cat":[59],"product_tag":[],"class_list":{"0":"post-1622","1":"product","2":"type-product","3":"status-publish","4":"has-post-thumbnail","6":"product_brand-blaser-cafe","7":"product_cat-thee","8":"product_shipping_class-ophalen-in-de-winkel","10":"first","11":"onbackorder","12":"taxable","13":"shipping-taxable","14":"product-type-simple"},"_links":{"self":[{"href":"https:\/\/coffeeandliving.ch\/nl\/wp-json\/wp\/v2\/product\/1622","targetHints":{"allow":["GET"]}}],"collection":[{"href":"https:\/\/coffeeandliving.ch\/nl\/wp-json\/wp\/v2\/product"}],"about":[{"href":"https:\/\/coffeeandliving.ch\/nl\/wp-json\/wp\/v2\/types\/product"}],"replies":[{"embeddable":true,"href":"https:\/\/coffeeandliving.ch\/nl\/wp-json\/wp\/v2\/comments?post=1622"}],"wp:featuredmedia":[{"embeddable":true,"href":"https:\/\/coffeeandliving.ch\/nl\/wp-json\/wp\/v2\/media\/3970"}],"wp:attachment":[{"href":"https:\/\/coffeeandliving.ch\/nl\/wp-json\/wp\/v2\/media?parent=1622"}],"wp:term":[{"taxonomy":"product_brand","embeddable":true,"href":"https:\/\/coffeeandliving.ch\/nl\/wp-json\/wp\/v2\/product_brand?post=1622"},{"taxonomy":"product_cat","embeddable":true,"href":"https:\/\/coffeeandliving.ch\/nl\/wp-json\/wp\/v2\/product_cat?post=1622"},{"taxonomy":"product_tag","embeddable":true,"href":"https:\/\/coffeeandliving.ch\/nl\/wp-json\/wp\/v2\/product_tag?post=1622"}],"curies":[{"name":"wp","href":"https:\/\/api.w.org\/{rel}","templated":true}]}}