{"id":1625,"date":"2025-08-15T09:33:07","date_gmt":"2025-08-15T07:33:07","guid":{"rendered":"https:\/\/coffee.cotive.dev\/?post_type=product&#038;p=1625"},"modified":"2025-08-21T13:18:53","modified_gmt":"2025-08-21T11:18:53","slug":"laenggastee-berner-rosen","status":"publish","type":"product","link":"https:\/\/coffeeandliving.ch\/nl\/product\/laenggastee-berner-rosen\/","title":{"rendered":"L\u00e4nggass-Tee Berner Rosen"},"content":{"rendered":"<p>L\u00e4nggass-Tee is een familiebedrijf dat in 1983 werd opgericht aan de L\u00e4nggassstrasse 47 in Bern. Met veel enthousiasme en liefde voor thee begonnen Katrin en Gerhard Lange samen aan het tot op heden succesvolle project. De hoge kwaliteit van L\u00e4nggasstee overtuigt elke theekenner.<\/p>\n<p>Een creatie van het huis. Onze compositie neemt de zintuigen mee naar de traditionele Bernse boerentuin. Een lieflijke, lichte en zoete traktatie. Zwitserse melange: stukjes appel, karkade, rozenblaadjes, lindebloesem, brandnetels, verfijnd met kaneel.<\/p>\n","protected":false},"excerpt":{"rendered":"<p>Piramidezakje zonder etiket &#8211; composteerbaar<br \/>\nHerkomst: kruidenmix van Indiase makelij<\/p>\n<p>Per verpakking 20 zakjes van 3 g.<\/p>\n","protected":false},"featured_media":3961,"comment_status":"closed","ping_status":"closed","template":"","meta":[],"product_brand":[72],"product_cat":[59],"product_tag":[],"class_list":{"0":"post-1625","1":"product","2":"type-product","3":"status-publish","4":"has-post-thumbnail","6":"product_brand-blaser-cafe","7":"product_cat-thee","8":"product_shipping_class-ophalen-in-de-winkel","10":"first","11":"onbackorder","12":"taxable","13":"shipping-taxable","14":"product-type-simple"},"_links":{"self":[{"href":"https:\/\/coffeeandliving.ch\/nl\/wp-json\/wp\/v2\/product\/1625","targetHints":{"allow":["GET"]}}],"collection":[{"href":"https:\/\/coffeeandliving.ch\/nl\/wp-json\/wp\/v2\/product"}],"about":[{"href":"https:\/\/coffeeandliving.ch\/nl\/wp-json\/wp\/v2\/types\/product"}],"replies":[{"embeddable":true,"href":"https:\/\/coffeeandliving.ch\/nl\/wp-json\/wp\/v2\/comments?post=1625"}],"wp:featuredmedia":[{"embeddable":true,"href":"https:\/\/coffeeandliving.ch\/nl\/wp-json\/wp\/v2\/media\/3961"}],"wp:attachment":[{"href":"https:\/\/coffeeandliving.ch\/nl\/wp-json\/wp\/v2\/media?parent=1625"}],"wp:term":[{"taxonomy":"product_brand","embeddable":true,"href":"https:\/\/coffeeandliving.ch\/nl\/wp-json\/wp\/v2\/product_brand?post=1625"},{"taxonomy":"product_cat","embeddable":true,"href":"https:\/\/coffeeandliving.ch\/nl\/wp-json\/wp\/v2\/product_cat?post=1625"},{"taxonomy":"product_tag","embeddable":true,"href":"https:\/\/coffeeandliving.ch\/nl\/wp-json\/wp\/v2\/product_tag?post=1625"}],"curies":[{"name":"wp","href":"https:\/\/api.w.org\/{rel}","templated":true}]}}