{"id":3854,"date":"2025-08-20T15:38:35","date_gmt":"2025-08-20T13:38:35","guid":{"rendered":"https:\/\/coffee.cotive.dev\/product\/shower-scrub-earth-46\/"},"modified":"2025-08-21T20:31:44","modified_gmt":"2025-08-21T18:31:44","slug":"shower-scrub-earth-46","status":"publish","type":"product","link":"https:\/\/coffeeandliving.ch\/nl\/product\/shower-scrub-earth-46\/","title":{"rendered":"Shower Scrub Earth 46"},"content":{"rendered":"<p>Douchescrub, 200 ml<\/p>\n<p>De Shower Scrub zorgt voor \u00e9chte verwennerij onder de douche. De natuurlijke scrubdeeltjes zuiveren je huid. Daarnaast zorgen de ingredi\u00ebnten in deze douchescrub voor een gehydrateerde huid, zodat jij straalt! Extra fijn: De alo\u00eb vera heeft een kalmerende en voedende werking.<\/p>\n<p>Een parfum met karakter, Earth 46. Kruidig, warm, rijk en leerachtig, met een zoete ondertoon. Deze indrukwekkende geur laat alles samenkomen: aarde, water, vuur en lucht. Spectaculair en spannend.<\/p>\n","protected":false},"excerpt":{"rendered":"<p>Douchescrub, 200 ml<\/p>\n","protected":false},"featured_media":1065,"comment_status":"open","ping_status":"closed","template":"","meta":[],"product_brand":[42],"product_cat":[85],"product_tag":[],"class_list":{"0":"post-3854","1":"product","2":"type-product","3":"status-publish","4":"has-post-thumbnail","6":"product_brand-janzen","7":"product_cat-douche","9":"first","10":"instock","11":"taxable","12":"shipping-taxable","13":"product-type-simple"},"_links":{"self":[{"href":"https:\/\/coffeeandliving.ch\/nl\/wp-json\/wp\/v2\/product\/3854","targetHints":{"allow":["GET"]}}],"collection":[{"href":"https:\/\/coffeeandliving.ch\/nl\/wp-json\/wp\/v2\/product"}],"about":[{"href":"https:\/\/coffeeandliving.ch\/nl\/wp-json\/wp\/v2\/types\/product"}],"replies":[{"embeddable":true,"href":"https:\/\/coffeeandliving.ch\/nl\/wp-json\/wp\/v2\/comments?post=3854"}],"wp:featuredmedia":[{"embeddable":true,"href":"https:\/\/coffeeandliving.ch\/nl\/wp-json\/wp\/v2\/media\/1065"}],"wp:attachment":[{"href":"https:\/\/coffeeandliving.ch\/nl\/wp-json\/wp\/v2\/media?parent=3854"}],"wp:term":[{"taxonomy":"product_brand","embeddable":true,"href":"https:\/\/coffeeandliving.ch\/nl\/wp-json\/wp\/v2\/product_brand?post=3854"},{"taxonomy":"product_cat","embeddable":true,"href":"https:\/\/coffeeandliving.ch\/nl\/wp-json\/wp\/v2\/product_cat?post=3854"},{"taxonomy":"product_tag","embeddable":true,"href":"https:\/\/coffeeandliving.ch\/nl\/wp-json\/wp\/v2\/product_tag?post=3854"}],"curies":[{"name":"wp","href":"https:\/\/api.w.org\/{rel}","templated":true}]}}